{"id":1136,"date":"2022-11-09T02:01:09","date_gmt":"2022-11-09T02:01:09","guid":{"rendered":"https:\/\/transhealthottawa.org\/?page_id=1136"},"modified":"2023-01-14T01:42:13","modified_gmt":"2023-01-14T01:42:13","slug":"panel","status":"publish","type":"page","link":"https:\/\/transhealthottawa.org\/fr\/panel\/","title":{"rendered":"Tables rondes sur la sant\u00e9 des personnes trans"},"content":{"rendered":"<div data-elementor-type=\"wp-page\" data-elementor-id=\"1136\" class=\"elementor elementor-1136\" data-elementor-post-type=\"page\">\n\t\t\t\t\t\t<section class=\"elementor-section elementor-top-section elementor-element elementor-element-d727727 elementor-section-boxed elementor-section-height-default elementor-section-height-default\" data-id=\"d727727\" data-element_type=\"section\" data-e-type=\"section\">\n\t\t\t\t\t\t<div class=\"elementor-container elementor-column-gap-default\">\n\t\t\t\t\t<div class=\"elementor-column elementor-col-50 elementor-top-column elementor-element elementor-element-53906ed\" data-id=\"53906ed\" data-element_type=\"column\" data-e-type=\"column\" data-settings=\"{&quot;background_background&quot;:&quot;classic&quot;}\">\n\t\t\t<div class=\"elementor-widget-wrap elementor-element-populated\">\n\t\t\t\t\t\t<div class=\"elementor-element elementor-element-2d60395 elementor-widget elementor-widget-heading\" data-id=\"2d60395\" data-element_type=\"widget\" data-e-type=\"widget\" data-widget_type=\"heading.default\">\n\t\t\t\t<div class=\"elementor-widget-container\">\n\t\t\t\t\t<h2 class=\"elementor-heading-title elementor-size-default\">Tables rondes sur la sant\u00e9 des personnes trans<\/h2>\t\t\t\t<\/div>\n\t\t\t\t<\/div>\n\t\t\t\t<div class=\"elementor-element elementor-element-c306377 elementor-widget elementor-widget-heading\" data-id=\"c306377\" data-element_type=\"widget\" data-e-type=\"widget\" data-widget_type=\"heading.default\">\n\t\t\t\t<div class=\"elementor-widget-container\">\n\t\t\t\t\t<h6 class=\"elementor-heading-title elementor-size-default\">Joignez-vous \u00e0 la Table de concertation r\u00e9gionale (TCR) de Champlain sur les services de sant\u00e9 pour les personnes trans et de diverses identit\u00e9s de genre pour une s\u00e9rie de tables rondes virtuelles gratuites sur les services de sant\u00e9 pour les personnes trans et de diverses identit\u00e9s de genre.<\/h6>\t\t\t\t<\/div>\n\t\t\t\t<\/div>\n\t\t\t\t<div class=\"elementor-element elementor-element-66060d1 elementor-widget elementor-widget-text-editor\" data-id=\"66060d1\" data-element_type=\"widget\" data-e-type=\"widget\" data-widget_type=\"text-editor.default\">\n\t\t\t\t<div class=\"elementor-widget-container\">\n\t\t\t\t\t\t\t\t\t<p><span style=\"font-weight: 400;\">La Table de concertation communautaire (TCC) regroupe des membres des communaut\u00e9s trans et de diverses identit\u00e9s de genre de la r\u00e9gion de Champlain (Ottawa et les environs) pour soutenir et orienter le travail de la Table de concertation r\u00e9gionale (TCR) et mettre en \u0153uvre ses propres initiatives visant \u00e0 am\u00e9liorer la sant\u00e9 des personnes trans de la r\u00e9gion.<\/span><\/p><p><span style=\"font-weight: 400;\">La TCC est fi\u00e8re de pr\u00e9senter cette s\u00e9rie de tables rondes virtuelles gratuites qui porteront sur diverses questions concernant les services de sant\u00e9 pour les personnes trans de la r\u00e9gion de Champlain (Ottawa et les environs). Ces tables rondes se tiendront de d\u00e9cembre 2022 \u00e0 mars 2023 et couvriront une gamme \u00e9tendue de sujets concernant la sant\u00e9 des personnes trans qui s\u2019adressent autant aux fournisseurs de services qu\u2019aux membres de la communaut\u00e9.\u00a0<\/span><\/p><p><span style=\"font-weight: 400;\">Ces table rondes donneront la chance aux fournisseurs de services et aux membres de la communaut\u00e9 de se rencontrer et discuter de questions essentielles concernant l\u2019offre de services de sant\u00e9, sociaux et communautaires pour les personnes trans, leur acc\u00e8s et la facilit\u00e9 de s\u2019y retrouver.\u00a0<\/span><\/p><p><span style=\"font-weight: 400;\">Ces tables rondes se d\u00e9rouleront sous forme de webinaires sur Zoom. Les participants pourront poser des questions \u00e0 l\u2019aide de la fonction question-r\u00e9ponse pendant les webinaires. Le sous-titrage sera offert. <\/span><\/p>\t\t\t\t\t\t\t\t<\/div>\n\t\t\t\t<\/div>\n\t\t\t\t\t<\/div>\n\t\t<\/div>\n\t\t\t\t<div class=\"elementor-column elementor-col-50 elementor-top-column elementor-element elementor-element-817fbe4\" data-id=\"817fbe4\" data-element_type=\"column\" data-e-type=\"column\" data-settings=\"{&quot;background_background&quot;:&quot;classic&quot;}\">\n\t\t\t<div class=\"elementor-widget-wrap elementor-element-populated\">\n\t\t\t\t\t\t<div class=\"elementor-element elementor-element-b123a4a elementor-widget elementor-widget-heading\" data-id=\"b123a4a\" data-element_type=\"widget\" data-e-type=\"widget\" data-widget_type=\"heading.default\">\n\t\t\t\t<div class=\"elementor-widget-container\">\n\t\t\t\t\t<h2 class=\"elementor-heading-title elementor-size-default\">Inscrivez-vous maintenant!<\/h2>\t\t\t\t<\/div>\n\t\t\t\t<\/div>\n\t\t\t\t<div class=\"elementor-element elementor-element-a0e0fd2 elementor-widget elementor-widget-accordion\" data-id=\"a0e0fd2\" data-element_type=\"widget\" data-e-type=\"widget\" data-widget_type=\"accordion.default\">\n\t\t\t\t<div class=\"elementor-widget-container\">\n\t\t\t\t\t\t\t<div class=\"elementor-accordion\">\n\t\t\t\t\t\t\t<div class=\"elementor-accordion-item\">\n\t\t\t\t\t<div id=\"elementor-tab-title-1681\" class=\"elementor-tab-title\" data-tab=\"1\" role=\"button\" aria-controls=\"elementor-tab-content-1681\" aria-expanded=\"false\">\n\t\t\t\t\t\t\t\t\t\t\t\t<a class=\"elementor-accordion-title\" tabindex=\"0\">Table 1 : Le point de vue des personnes QTBIPOC sur la sant\u00e9 des personnes trans<\/a>\n\t\t\t\t\t<\/div>\n\t\t\t\t\t<div id=\"elementor-tab-content-1681\" class=\"elementor-tab-content elementor-clearfix\" data-tab=\"1\" role=\"region\" aria-labelledby=\"elementor-tab-title-1681\"><p><strong>Date :<\/strong> 16 d\u00e9cembre 2022, 14 h\u201415 h 30 HE<\/p><p><strong>Langue :<\/strong> anglais<\/p><p><strong>Description :<\/strong> Assistez \u00e0 une table ronde sur l\u2019intersection du racisme et du colonialisme avec l\u2019identit\u00e9 de genre et son expression et leur impact sur la sant\u00e9, le bien-\u00eatre et l\u2019exp\u00e9rience des personnes trans ayant recours aux services de sant\u00e9, sociaux et communautaires.<\/p><p><span style=\"text-decoration: underline;\"><strong><a style=\"color: #ffffff; size: 1.3em; text-decoration: underline;\" href=\"https:\/\/us02web.zoom.us\/webinar\/register\/WN_rII5OelYTT-iJQK871BPeA\" target=\"_blank\" rel=\"noopener\">Inscrivez-vous maintenant<\/a><\/strong><\/span><\/p><\/div>\n\t\t\t\t<\/div>\n\t\t\t\t\t\t\t<div class=\"elementor-accordion-item\">\n\t\t\t\t\t<div id=\"elementor-tab-title-1682\" class=\"elementor-tab-title\" data-tab=\"2\" role=\"button\" aria-controls=\"elementor-tab-content-1682\" aria-expanded=\"false\">\n\t\t\t\t\t\t\t\t\t\t\t\t<a class=\"elementor-accordion-title\" tabindex=\"0\">Table 2 : Le point de vue des personnes trans francophones<\/a>\n\t\t\t\t\t<\/div>\n\t\t\t\t\t<div id=\"elementor-tab-content-1682\" class=\"elementor-tab-content elementor-clearfix\" data-tab=\"2\" role=\"region\" aria-labelledby=\"elementor-tab-title-1682\"><p><strong>Date :<\/strong> <span style=\"font-weight: 400;\">30 janvier 2023, 14 h\u201415 h 30 HE<\/span><\/p><p><strong>Langue :<\/strong> fran\u00e7ais<\/p><p><strong>Description :<\/strong> <span style=\"font-weight: 400;\">Assistez \u00e0 une table ronde sur les obstacles auxquels font face les personnes trans et de diverses identit\u00e9s de genre francophones dans l\u2019acc\u00e8s aux services de sant\u00e9, sociaux et communautaires inclusifs ou sp\u00e9cialement con\u00e7us pour les personnes trans dans la r\u00e9gion de Champlain. Apprenez-en davantage sur les possibilit\u00e9s de d\u00e9veloppement des capacit\u00e9s offertes aux fournisseurs de services francophones.<\/span><\/p><p><span style=\"text-decoration: underline;\"><strong><a style=\"color: #ffffff; size: 1.3em; text-decoration: underline;\" href=\"https:\/\/us02web.zoom.us\/webinar\/register\/WN_zUpb82_mSyewyx_hgrjJvg\" target=\"_blank\" rel=\"noopener\">Inscrivez-vous maintenant<\/a><\/strong><\/span><\/p><\/div>\n\t\t\t\t<\/div>\n\t\t\t\t\t\t\t<div class=\"elementor-accordion-item\">\n\t\t\t\t\t<div id=\"elementor-tab-title-1683\" class=\"elementor-tab-title\" data-tab=\"3\" role=\"button\" aria-controls=\"elementor-tab-content-1683\" aria-expanded=\"false\">\n\t\t\t\t\t\t\t\t\t\t\t\t<a class=\"elementor-accordion-title\" tabindex=\"0\">Table 3 : Comment s\u2019y retrouver dans les services de sant\u00e9 aux personnes trans en tant qu\u2019aidant d\u2019un enfant trans ou de diverses identit\u00e9s de genre<\/a>\n\t\t\t\t\t<\/div>\n\t\t\t\t\t<div id=\"elementor-tab-content-1683\" class=\"elementor-tab-content elementor-clearfix\" data-tab=\"3\" role=\"region\" aria-labelledby=\"elementor-tab-title-1683\"><p><strong>Date :<\/strong> <span style=\"font-weight: 400;\">27 f\u00e9vrier 2023, 12 h\u201413 h 30 HE<\/span><\/p><p><strong>Langue :<\/strong> anglais<\/p><p><strong>Description :<\/strong> <span style=\"font-weight: 400;\">Assistez \u00e0 une table ronde sur les fa\u00e7ons de s\u2019y retrouver dans les services de sant\u00e9, sociaux et communautaires pour les personnes trans en tant que parent\/aidant d\u2019un enfant trans ou de diverses identit\u00e9s de genre. Le soutien des parents\/aidants est essentiel, mais il peut \u00eatre difficile de s\u2019y retrouver avec les services offerts. Apprenez-en davantage sur l\u2019acc\u00e8s aux services de sant\u00e9, sociaux et communautaires pour les personnes trans, les outils d\u2019orientation et l\u2019acc\u00e8s au soutien pour les parents\/aidants. <\/span><\/p><p><span style=\"text-decoration: underline;\"><strong><a style=\"color: #ffffff; size: 1.3em; text-decoration: underline;\" href=\"https:\/\/us02web.zoom.us\/webinar\/register\/WN_Jry9fuybTVKUocfPrV1qSw\" target=\"_blank\" rel=\"noopener\">Inscrivez-vous maintenant<\/a><\/strong><\/span><\/p><\/div>\n\t\t\t\t<\/div>\n\t\t\t\t\t\t\t<div class=\"elementor-accordion-item\">\n\t\t\t\t\t<div id=\"elementor-tab-title-1684\" class=\"elementor-tab-title\" data-tab=\"4\" role=\"button\" aria-controls=\"elementor-tab-content-1684\" aria-expanded=\"false\">\n\t\t\t\t\t\t\t\t\t\t\t\t<a class=\"elementor-accordion-title\" tabindex=\"0\">Table 4 : L\u2019importance de l\u2019inclusion des personnes trans dans les soins de sant\u00e9 primaires<\/a>\n\t\t\t\t\t<\/div>\n\t\t\t\t\t<div id=\"elementor-tab-content-1684\" class=\"elementor-tab-content elementor-clearfix\" data-tab=\"4\" role=\"region\" aria-labelledby=\"elementor-tab-title-1684\"><p><strong>Date :<\/strong> 16 mars 2023, 12 h\u201413 h 30 HE<\/p><p><strong>Langue :<\/strong> anglais<\/p><p><strong>Description :<\/strong> Assistez \u00e0 une table ronde sur l\u2019importance de l\u2019inclusion des personnes trans dans les soins de sant\u00e9 primaires. Apprenez-en davantage sur l\u2019\u00e9tat des services de sant\u00e9 pour les personnes trans dans la r\u00e9gion de Champlain, les besoins en d\u00e9veloppement des capacit\u00e9s dans les \u00e9tablissements de soins primaires et les opportunit\u00e9s de d\u00e9veloppement des capacit\u00e9s offertes aux fournisseurs de soins primaires de la r\u00e9gion de Champlain.<\/p><p><span style=\"text-decoration: underline;\"><strong><a style=\"color: #ffffff; size: 1.3em; text-decoration: underline;\" href=\"https:\/\/us02web.zoom.us\/webinar\/register\/WN_wODvNcfPS_i5IGFq2oolPA\" target=\"_blank\" rel=\"noopener\">Inscrivez-vous maintenant<\/a><\/strong><\/span><\/p><\/div>\n\t\t\t\t<\/div>\n\t\t\t\t\t\t\t<div class=\"elementor-accordion-item\">\n\t\t\t\t\t<div id=\"elementor-tab-title-1685\" class=\"elementor-tab-title\" data-tab=\"5\" role=\"button\" aria-controls=\"elementor-tab-content-1685\" aria-expanded=\"false\">\n\t\t\t\t\t\t\t\t\t\t\t\t<a class=\"elementor-accordion-title\" tabindex=\"0\">Table 5 : Autorepr\u00e9sentation dans les services de sant\u00e9 pour les personnes trans<\/a>\n\t\t\t\t\t<\/div>\n\t\t\t\t\t<div id=\"elementor-tab-content-1685\" class=\"elementor-tab-content elementor-clearfix\" data-tab=\"5\" role=\"region\" aria-labelledby=\"elementor-tab-title-1685\"><p><strong>Date :<\/strong> 30 mars 2023, 14 h\u201415 h 30 HE<\/p><p><strong>Langue :<\/strong> anglais<\/p><p><strong>Description :<\/strong> <span style=\"font-weight: 400;\">Assistez \u00e0 une table ronde sur l\u2019autorepr\u00e9sentation dans les services de sant\u00e9 pour les personnes trans. Nous savons que les personnes trans et de diverses identit\u00e9s de genre sont souvent les meilleurs d\u00e9fenseurs de leurs droits et les seuls lorsqu\u2019il s\u2019agit d\u2019obtenir des soins m\u00e9dicaux n\u00e9cessaires ou vitaux. Apprenez-en davantage sur vos droits en mati\u00e8re de soins de sant\u00e9, partagez des conseils et des ressources sur la d\u00e9fense de ses propres droits et l\u2019importance des autosoins.<\/span><\/p><p><span style=\"text-decoration: underline;\"><strong><a style=\"color: #ffffff; size: 1.3em; text-decoration: underline;\" href=\"https:\/\/us02web.zoom.us\/webinar\/register\/WN_PagHWbGzTNahBouNoG4WQg\" target=\"_blank\" rel=\"noopener\">Inscrivez-vous maintenant<\/a><\/strong><\/span><\/p><\/div>\n\t\t\t\t<\/div>\n\t\t\t\t\t\t\t\t<\/div>\n\t\t\t\t\t\t<\/div>\n\t\t\t\t<\/div>\n\t\t\t\t\t<\/div>\n\t\t<\/div>\n\t\t\t\t\t<\/div>\n\t\t<\/section>\n\t\t\t\t<\/div>","protected":false},"excerpt":{"rendered":"<p>Trans Health Panel Event Series Join the Champlain Regional Planning Table for Trans and Gender Diverse Health Services\u2019 Community Advisory Table for a free, virtual, trans health panel event series! The Community Advisory Table (CAT) is a group of trans and gender diverse community members living in the Champlain (Ottawa and the surrounding areas) who [&hellip;]<\/p>\n","protected":false},"author":1,"featured_media":0,"parent":0,"menu_order":0,"comment_status":"closed","ping_status":"closed","template":"elementor_header_footer","meta":{"_monsterinsights_skip_tracking":false,"_monsterinsights_sitenote_active":false,"_monsterinsights_sitenote_note":"","_monsterinsights_sitenote_category":0,"footnotes":""},"class_list":["post-1136","page","type-page","status-publish","hentry"],"yoast_head":"<!-- This site is optimized with the Yoast SEO plugin v27.5 - https:\/\/yoast.com\/product\/yoast-seo-wordpress\/ -->\n<title>Trans Health Panel Event Series - Trans Health Ottawa<\/title>\n<meta name=\"robots\" content=\"index, follow, max-snippet:-1, max-image-preview:large, max-video-preview:-1\" \/>\n<link rel=\"canonical\" href=\"https:\/\/transhealthottawa.org\/fr\/panel\/\" \/>\n<meta property=\"og:locale\" content=\"fr_CA\" \/>\n<meta property=\"og:type\" content=\"article\" \/>\n<meta property=\"og:title\" content=\"Trans Health Panel Event Series - Trans Health Ottawa\" \/>\n<meta property=\"og:description\" content=\"Trans Health Panel Event Series Join the Champlain Regional Planning Table for Trans and Gender Diverse Health Services\u2019 Community Advisory Table for a free, virtual, trans health panel event series! The Community Advisory Table (CAT) is a group of trans and gender diverse community members living in the Champlain (Ottawa and the surrounding areas) who [&hellip;]\" \/>\n<meta property=\"og:url\" content=\"https:\/\/transhealthottawa.org\/fr\/panel\/\" \/>\n<meta property=\"og:site_name\" content=\"Trans Health Ottawa\" \/>\n<meta property=\"article:modified_time\" content=\"2023-01-14T01:42:13+00:00\" \/>\n<meta name=\"twitter:card\" content=\"summary_large_image\" \/>\n<meta name=\"twitter:label1\" content=\"Estimation du temps de lecture\" \/>\n\t<meta name=\"twitter:data1\" content=\"3 minutes\" \/>\n<script type=\"application\/ld+json\" class=\"yoast-schema-graph\">{\"@context\":\"https:\\\/\\\/schema.org\",\"@graph\":[{\"@type\":\"WebPage\",\"@id\":\"https:\\\/\\\/transhealthottawa.org\\\/panel\\\/\",\"url\":\"https:\\\/\\\/transhealthottawa.org\\\/panel\\\/\",\"name\":\"Trans Health Panel Event Series - Trans Health Ottawa\",\"isPartOf\":{\"@id\":\"https:\\\/\\\/transhealthottawa.org\\\/#website\"},\"datePublished\":\"2022-11-09T02:01:09+00:00\",\"dateModified\":\"2023-01-14T01:42:13+00:00\",\"breadcrumb\":{\"@id\":\"https:\\\/\\\/transhealthottawa.org\\\/panel\\\/#breadcrumb\"},\"inLanguage\":\"fr-CA\",\"potentialAction\":[{\"@type\":\"ReadAction\",\"target\":[\"https:\\\/\\\/transhealthottawa.org\\\/panel\\\/\"]}]},{\"@type\":\"BreadcrumbList\",\"@id\":\"https:\\\/\\\/transhealthottawa.org\\\/panel\\\/#breadcrumb\",\"itemListElement\":[{\"@type\":\"ListItem\",\"position\":1,\"name\":\"Home\",\"item\":\"https:\\\/\\\/transhealthottawa.org\\\/\"},{\"@type\":\"ListItem\",\"position\":2,\"name\":\"Trans Health Panel Event Series\"}]},{\"@type\":\"WebSite\",\"@id\":\"https:\\\/\\\/transhealthottawa.org\\\/#website\",\"url\":\"https:\\\/\\\/transhealthottawa.org\\\/\",\"name\":\"Trans Health Ottawa\",\"description\":\"Champlain Regional Planning Table for Gender Diverse Health\",\"publisher\":{\"@id\":\"https:\\\/\\\/transhealthottawa.org\\\/#organization\"},\"potentialAction\":[{\"@type\":\"SearchAction\",\"target\":{\"@type\":\"EntryPoint\",\"urlTemplate\":\"https:\\\/\\\/transhealthottawa.org\\\/?s={search_term_string}\"},\"query-input\":{\"@type\":\"PropertyValueSpecification\",\"valueRequired\":true,\"valueName\":\"search_term_string\"}}],\"inLanguage\":\"fr-CA\"},{\"@type\":\"Organization\",\"@id\":\"https:\\\/\\\/transhealthottawa.org\\\/#organization\",\"name\":\"Trans Health Ottawa - Champlain Regional Planning Table for Gender Diverse Health\",\"url\":\"https:\\\/\\\/transhealthottawa.org\\\/\",\"logo\":{\"@type\":\"ImageObject\",\"inLanguage\":\"fr-CA\",\"@id\":\"https:\\\/\\\/transhealthottawa.org\\\/#\\\/schema\\\/logo\\\/image\\\/\",\"url\":\"https:\\\/\\\/transhealthottawa.org\\\/wp-content\\\/uploads\\\/2022\\\/01\\\/Logo-01-1.png\",\"contentUrl\":\"https:\\\/\\\/transhealthottawa.org\\\/wp-content\\\/uploads\\\/2022\\\/01\\\/Logo-01-1.png\",\"width\":2849,\"height\":909,\"caption\":\"Trans Health Ottawa - Champlain Regional Planning Table for Gender Diverse Health\"},\"image\":{\"@id\":\"https:\\\/\\\/transhealthottawa.org\\\/#\\\/schema\\\/logo\\\/image\\\/\"}}]}<\/script>\n<!-- \/ Yoast SEO plugin. -->","yoast_head_json":{"title":"Trans Health Panel Event Series - Trans Health Ottawa","robots":{"index":"index","follow":"follow","max-snippet":"max-snippet:-1","max-image-preview":"max-image-preview:large","max-video-preview":"max-video-preview:-1"},"canonical":"https:\/\/transhealthottawa.org\/fr\/panel\/","og_locale":"fr_CA","og_type":"article","og_title":"Trans Health Panel Event Series - Trans Health Ottawa","og_description":"Trans Health Panel Event Series Join the Champlain Regional Planning Table for Trans and Gender Diverse Health Services\u2019 Community Advisory Table for a free, virtual, trans health panel event series! The Community Advisory Table (CAT) is a group of trans and gender diverse community members living in the Champlain (Ottawa and the surrounding areas) who [&hellip;]","og_url":"https:\/\/transhealthottawa.org\/fr\/panel\/","og_site_name":"Trans Health Ottawa","article_modified_time":"2023-01-14T01:42:13+00:00","twitter_card":"summary_large_image","twitter_misc":{"Estimation du temps de lecture":"3 minutes"},"schema":{"@context":"https:\/\/schema.org","@graph":[{"@type":"WebPage","@id":"https:\/\/transhealthottawa.org\/panel\/","url":"https:\/\/transhealthottawa.org\/panel\/","name":"Trans Health Panel Event Series - Trans Health Ottawa","isPartOf":{"@id":"https:\/\/transhealthottawa.org\/#website"},"datePublished":"2022-11-09T02:01:09+00:00","dateModified":"2023-01-14T01:42:13+00:00","breadcrumb":{"@id":"https:\/\/transhealthottawa.org\/panel\/#breadcrumb"},"inLanguage":"fr-CA","potentialAction":[{"@type":"ReadAction","target":["https:\/\/transhealthottawa.org\/panel\/"]}]},{"@type":"BreadcrumbList","@id":"https:\/\/transhealthottawa.org\/panel\/#breadcrumb","itemListElement":[{"@type":"ListItem","position":1,"name":"Home","item":"https:\/\/transhealthottawa.org\/"},{"@type":"ListItem","position":2,"name":"Trans Health Panel Event Series"}]},{"@type":"WebSite","@id":"https:\/\/transhealthottawa.org\/#website","url":"https:\/\/transhealthottawa.org\/","name":"Trans Health Ottawa","description":"Champlain Regional Planning Table for Gender Diverse Health","publisher":{"@id":"https:\/\/transhealthottawa.org\/#organization"},"potentialAction":[{"@type":"SearchAction","target":{"@type":"EntryPoint","urlTemplate":"https:\/\/transhealthottawa.org\/?s={search_term_string}"},"query-input":{"@type":"PropertyValueSpecification","valueRequired":true,"valueName":"search_term_string"}}],"inLanguage":"fr-CA"},{"@type":"Organization","@id":"https:\/\/transhealthottawa.org\/#organization","name":"Trans Health Ottawa - Champlain Regional Planning Table for Gender Diverse Health","url":"https:\/\/transhealthottawa.org\/","logo":{"@type":"ImageObject","inLanguage":"fr-CA","@id":"https:\/\/transhealthottawa.org\/#\/schema\/logo\/image\/","url":"https:\/\/transhealthottawa.org\/wp-content\/uploads\/2022\/01\/Logo-01-1.png","contentUrl":"https:\/\/transhealthottawa.org\/wp-content\/uploads\/2022\/01\/Logo-01-1.png","width":2849,"height":909,"caption":"Trans Health Ottawa - Champlain Regional Planning Table for Gender Diverse Health"},"image":{"@id":"https:\/\/transhealthottawa.org\/#\/schema\/logo\/image\/"}}]}},"_links":{"self":[{"href":"https:\/\/transhealthottawa.org\/fr\/wp-json\/wp\/v2\/pages\/1136","targetHints":{"allow":["GET"]}}],"collection":[{"href":"https:\/\/transhealthottawa.org\/fr\/wp-json\/wp\/v2\/pages"}],"about":[{"href":"https:\/\/transhealthottawa.org\/fr\/wp-json\/wp\/v2\/types\/page"}],"author":[{"embeddable":true,"href":"https:\/\/transhealthottawa.org\/fr\/wp-json\/wp\/v2\/users\/1"}],"replies":[{"embeddable":true,"href":"https:\/\/transhealthottawa.org\/fr\/wp-json\/wp\/v2\/comments?post=1136"}],"version-history":[{"count":31,"href":"https:\/\/transhealthottawa.org\/fr\/wp-json\/wp\/v2\/pages\/1136\/revisions"}],"predecessor-version":[{"id":1203,"href":"https:\/\/transhealthottawa.org\/fr\/wp-json\/wp\/v2\/pages\/1136\/revisions\/1203"}],"wp:attachment":[{"href":"https:\/\/transhealthottawa.org\/fr\/wp-json\/wp\/v2\/media?parent=1136"}],"curies":[{"name":"wp","href":"https:\/\/api.w.org\/{rel}","templated":true}]}}