{"id":352,"date":"2021-11-29T08:09:34","date_gmt":"2021-11-29T08:09:34","guid":{"rendered":"https:\/\/transhealthottawa.org\/?page_id=352"},"modified":"2022-07-06T00:19:14","modified_gmt":"2022-07-06T00:19:14","slug":"unsure","status":"publish","type":"page","link":"https:\/\/transhealthottawa.org\/fr\/services\/unsure\/","title":{"rendered":"I\u2019m Not Sure"},"content":{"rendered":"<div data-elementor-type=\"wp-page\" data-elementor-id=\"352\" class=\"elementor elementor-352\" data-elementor-post-type=\"page\">\n\t\t\t\t\t\t<section class=\"elementor-section elementor-top-section elementor-element elementor-element-704528a8 elementor-section-boxed elementor-section-height-default elementor-section-height-default\" data-id=\"704528a8\" data-element_type=\"section\" data-e-type=\"section\" data-settings=\"{&quot;background_background&quot;:&quot;classic&quot;}\">\n\t\t\t\t\t\t<div class=\"elementor-container elementor-column-gap-default\">\n\t\t\t\t\t<div class=\"elementor-column elementor-col-100 elementor-top-column elementor-element elementor-element-45df3159\" data-id=\"45df3159\" data-element_type=\"column\" data-e-type=\"column\" data-settings=\"{&quot;background_background&quot;:&quot;classic&quot;}\">\n\t\t\t<div class=\"elementor-widget-wrap elementor-element-populated\">\n\t\t\t\t\t\t<div class=\"elementor-element elementor-element-31c6abbb elementor-widget elementor-widget-heading\" data-id=\"31c6abbb\" data-element_type=\"widget\" data-e-type=\"widget\" data-widget_type=\"heading.default\">\n\t\t\t\t<div class=\"elementor-widget-container\">\n\t\t\t\t\t<h2 class=\"elementor-heading-title elementor-size-default\">Je ne sais pas par o\u00f9 commencer ni ce que je cherche exactement<\/h2>\t\t\t\t<\/div>\n\t\t\t\t<\/div>\n\t\t\t\t<div class=\"elementor-element elementor-element-21efe050 elementor-widget elementor-widget-text-editor\" data-id=\"21efe050\" data-element_type=\"widget\" data-e-type=\"widget\" data-widget_type=\"text-editor.default\">\n\t\t\t\t<div class=\"elementor-widget-container\">\n\t\t\t\t\t\t\t\t\t<p><span style=\"font-weight: 400;\">Si vous ne savez par o\u00f9 commencer ou ce que vous cherchez exactement, vous pouvez contacter <\/span><a href=\"https:\/\/www.counsellingconnect.org\/\" target=\"_blank\" rel=\"noopener\"><span style=\"font-weight: 400;\">Counseling On Connecte<\/span><\/a><span style=\"font-weight: 400;\"> pour acc\u00e9der rapidement \u00e0 une s\u00e9ance de counseling qui peut vous aider \u00e0 vous exprimer et \u00e0 vous sentir inclus, \u00e0 vous mettre en relation avec des groupes et des ressources communautaires, et \u00e0 acc\u00e9der \u00e0 des services de transition de genre. Vous pouvez aussi vous adresser au programme de sant\u00e9 des personnes trans du Centre de sant\u00e9 communautaire du centre-ville. Pour en savoir plus sur les services communautaires, de counseling et de sant\u00e9 du programme, <\/span><a href=\"https:\/\/www.centretownchc.org\/programs-services\/lgbtq-trans-health-program\/\" target=\"_blank\" rel=\"noopener\"><span style=\"font-weight: 400;\">ici<\/span><\/a><span style=\"font-weight: 400;\">.\u00a0<\/span><\/p><p><span style=\"font-weight: 400;\">Il peut aussi \u00eatre utile d\u2019entrer en contact avec des pairs et d\u2019autres personnes qui ont v\u00e9cu des exp\u00e9riences semblables \u00e0 la v\u00f4tre. Vous pouvez <\/span><a href=\"https:\/\/www.centretownchc.org\/wp-content\/uploads\/2020\/02\/Guide-de-ressources-pour-la-pluralite-des-genres-de-la-region-de-Champlain.pdf\" target=\"_blank\" rel=\"noopener\"><span style=\"font-weight: 400;\">cliquez ici<\/span><\/a><span style=\"font-weight: 400;\"> pour obtenir une liste des ressources et des services offerts aux personnes trans et de diverses identit\u00e9s de genre dans la r\u00e9gion de Champlain. <\/span><span style=\"font-weight: 400;\">Plusieurs programmes offrent des s\u00e9ances sans rendez-vous, ce qui pourrait vous aider \u00e0 explorer les ressources qui vous seront utiles.\u00a0<\/span><\/p>\t\t\t\t\t\t\t\t<\/div>\n\t\t\t\t<\/div>\n\t\t\t\t\t<\/div>\n\t\t<\/div>\n\t\t\t\t\t<\/div>\n\t\t<\/section>\n\t\t\t\t<\/div>","protected":false},"excerpt":{"rendered":"<p>I\u2019m not sure where to begin or what I am looking for If you are unsure what you are looking for, or where to begin you can contact Counselling Connect for quick access to a single counselling session that can help you fully self-express and feel included, get connected to community groups and resources, and [&hellip;]<\/p>\n","protected":false},"author":1,"featured_media":0,"parent":18,"menu_order":0,"comment_status":"closed","ping_status":"closed","template":"elementor_header_footer","meta":{"_monsterinsights_skip_tracking":false,"_monsterinsights_sitenote_active":false,"_monsterinsights_sitenote_note":"","_monsterinsights_sitenote_category":0,"footnotes":""},"class_list":["post-352","page","type-page","status-publish","hentry"],"yoast_head":"<!-- This site is optimized with the Yoast SEO plugin v27.4 - https:\/\/yoast.com\/product\/yoast-seo-wordpress\/ -->\n<title>I\u2019m Not Sure - Trans Health Ottawa<\/title>\n<meta name=\"robots\" content=\"index, follow, max-snippet:-1, max-image-preview:large, max-video-preview:-1\" \/>\n<link rel=\"canonical\" href=\"https:\/\/transhealthottawa.org\/fr\/services\/unsure\/\" \/>\n<meta property=\"og:locale\" content=\"fr_CA\" \/>\n<meta property=\"og:type\" content=\"article\" \/>\n<meta property=\"og:title\" content=\"I\u2019m Not Sure - Trans Health Ottawa\" \/>\n<meta property=\"og:description\" content=\"I\u2019m not sure where to begin or what I am looking for If you are unsure what you are looking for, or where to begin you can contact Counselling Connect for quick access to a single counselling session that can help you fully self-express and feel included, get connected to community groups and resources, and [&hellip;]\" \/>\n<meta property=\"og:url\" content=\"https:\/\/transhealthottawa.org\/fr\/services\/unsure\/\" \/>\n<meta property=\"og:site_name\" content=\"Trans Health Ottawa\" \/>\n<meta property=\"article:modified_time\" content=\"2022-07-06T00:19:14+00:00\" \/>\n<meta name=\"twitter:card\" content=\"summary_large_image\" \/>\n<meta name=\"twitter:label1\" content=\"Estimation du temps de lecture\" \/>\n\t<meta name=\"twitter:data1\" content=\"1 minute\" \/>\n<script type=\"application\/ld+json\" class=\"yoast-schema-graph\">{\"@context\":\"https:\\\/\\\/schema.org\",\"@graph\":[{\"@type\":\"WebPage\",\"@id\":\"https:\\\/\\\/transhealthottawa.org\\\/services\\\/unsure\\\/\",\"url\":\"https:\\\/\\\/transhealthottawa.org\\\/services\\\/unsure\\\/\",\"name\":\"I\u2019m Not Sure - Trans Health Ottawa\",\"isPartOf\":{\"@id\":\"https:\\\/\\\/transhealthottawa.org\\\/#website\"},\"datePublished\":\"2021-11-29T08:09:34+00:00\",\"dateModified\":\"2022-07-06T00:19:14+00:00\",\"breadcrumb\":{\"@id\":\"https:\\\/\\\/transhealthottawa.org\\\/services\\\/unsure\\\/#breadcrumb\"},\"inLanguage\":\"fr-CA\",\"potentialAction\":[{\"@type\":\"ReadAction\",\"target\":[\"https:\\\/\\\/transhealthottawa.org\\\/services\\\/unsure\\\/\"]}]},{\"@type\":\"BreadcrumbList\",\"@id\":\"https:\\\/\\\/transhealthottawa.org\\\/services\\\/unsure\\\/#breadcrumb\",\"itemListElement\":[{\"@type\":\"ListItem\",\"position\":1,\"name\":\"Home\",\"item\":\"https:\\\/\\\/transhealthottawa.org\\\/\"},{\"@type\":\"ListItem\",\"position\":2,\"name\":\"Looking For Services\",\"item\":\"https:\\\/\\\/transhealthottawa.org\\\/services\\\/\"},{\"@type\":\"ListItem\",\"position\":3,\"name\":\"I\u2019m Not Sure\"}]},{\"@type\":\"WebSite\",\"@id\":\"https:\\\/\\\/transhealthottawa.org\\\/#website\",\"url\":\"https:\\\/\\\/transhealthottawa.org\\\/\",\"name\":\"Trans Health Ottawa\",\"description\":\"Champlain Regional Planning Table for Gender Diverse Health\",\"publisher\":{\"@id\":\"https:\\\/\\\/transhealthottawa.org\\\/#organization\"},\"potentialAction\":[{\"@type\":\"SearchAction\",\"target\":{\"@type\":\"EntryPoint\",\"urlTemplate\":\"https:\\\/\\\/transhealthottawa.org\\\/?s={search_term_string}\"},\"query-input\":{\"@type\":\"PropertyValueSpecification\",\"valueRequired\":true,\"valueName\":\"search_term_string\"}}],\"inLanguage\":\"fr-CA\"},{\"@type\":\"Organization\",\"@id\":\"https:\\\/\\\/transhealthottawa.org\\\/#organization\",\"name\":\"Trans Health Ottawa - Champlain Regional Planning Table for Gender Diverse Health\",\"url\":\"https:\\\/\\\/transhealthottawa.org\\\/\",\"logo\":{\"@type\":\"ImageObject\",\"inLanguage\":\"fr-CA\",\"@id\":\"https:\\\/\\\/transhealthottawa.org\\\/#\\\/schema\\\/logo\\\/image\\\/\",\"url\":\"https:\\\/\\\/transhealthottawa.org\\\/wp-content\\\/uploads\\\/2022\\\/01\\\/Logo-01-1.png\",\"contentUrl\":\"https:\\\/\\\/transhealthottawa.org\\\/wp-content\\\/uploads\\\/2022\\\/01\\\/Logo-01-1.png\",\"width\":2849,\"height\":909,\"caption\":\"Trans Health Ottawa - Champlain Regional Planning Table for Gender Diverse Health\"},\"image\":{\"@id\":\"https:\\\/\\\/transhealthottawa.org\\\/#\\\/schema\\\/logo\\\/image\\\/\"}}]}<\/script>\n<!-- \/ Yoast SEO plugin. -->","yoast_head_json":{"title":"I\u2019m Not Sure - Trans Health Ottawa","robots":{"index":"index","follow":"follow","max-snippet":"max-snippet:-1","max-image-preview":"max-image-preview:large","max-video-preview":"max-video-preview:-1"},"canonical":"https:\/\/transhealthottawa.org\/fr\/services\/unsure\/","og_locale":"fr_CA","og_type":"article","og_title":"I\u2019m Not Sure - Trans Health Ottawa","og_description":"I\u2019m not sure where to begin or what I am looking for If you are unsure what you are looking for, or where to begin you can contact Counselling Connect for quick access to a single counselling session that can help you fully self-express and feel included, get connected to community groups and resources, and [&hellip;]","og_url":"https:\/\/transhealthottawa.org\/fr\/services\/unsure\/","og_site_name":"Trans Health Ottawa","article_modified_time":"2022-07-06T00:19:14+00:00","twitter_card":"summary_large_image","twitter_misc":{"Estimation du temps de lecture":"1 minute"},"schema":{"@context":"https:\/\/schema.org","@graph":[{"@type":"WebPage","@id":"https:\/\/transhealthottawa.org\/services\/unsure\/","url":"https:\/\/transhealthottawa.org\/services\/unsure\/","name":"I\u2019m Not Sure - Trans Health Ottawa","isPartOf":{"@id":"https:\/\/transhealthottawa.org\/#website"},"datePublished":"2021-11-29T08:09:34+00:00","dateModified":"2022-07-06T00:19:14+00:00","breadcrumb":{"@id":"https:\/\/transhealthottawa.org\/services\/unsure\/#breadcrumb"},"inLanguage":"fr-CA","potentialAction":[{"@type":"ReadAction","target":["https:\/\/transhealthottawa.org\/services\/unsure\/"]}]},{"@type":"BreadcrumbList","@id":"https:\/\/transhealthottawa.org\/services\/unsure\/#breadcrumb","itemListElement":[{"@type":"ListItem","position":1,"name":"Home","item":"https:\/\/transhealthottawa.org\/"},{"@type":"ListItem","position":2,"name":"Looking For Services","item":"https:\/\/transhealthottawa.org\/services\/"},{"@type":"ListItem","position":3,"name":"I\u2019m Not Sure"}]},{"@type":"WebSite","@id":"https:\/\/transhealthottawa.org\/#website","url":"https:\/\/transhealthottawa.org\/","name":"Trans Health Ottawa","description":"Champlain Regional Planning Table for Gender Diverse Health","publisher":{"@id":"https:\/\/transhealthottawa.org\/#organization"},"potentialAction":[{"@type":"SearchAction","target":{"@type":"EntryPoint","urlTemplate":"https:\/\/transhealthottawa.org\/?s={search_term_string}"},"query-input":{"@type":"PropertyValueSpecification","valueRequired":true,"valueName":"search_term_string"}}],"inLanguage":"fr-CA"},{"@type":"Organization","@id":"https:\/\/transhealthottawa.org\/#organization","name":"Trans Health Ottawa - Champlain Regional Planning Table for Gender Diverse Health","url":"https:\/\/transhealthottawa.org\/","logo":{"@type":"ImageObject","inLanguage":"fr-CA","@id":"https:\/\/transhealthottawa.org\/#\/schema\/logo\/image\/","url":"https:\/\/transhealthottawa.org\/wp-content\/uploads\/2022\/01\/Logo-01-1.png","contentUrl":"https:\/\/transhealthottawa.org\/wp-content\/uploads\/2022\/01\/Logo-01-1.png","width":2849,"height":909,"caption":"Trans Health Ottawa - Champlain Regional Planning Table for Gender Diverse Health"},"image":{"@id":"https:\/\/transhealthottawa.org\/#\/schema\/logo\/image\/"}}]}},"_links":{"self":[{"href":"https:\/\/transhealthottawa.org\/fr\/wp-json\/wp\/v2\/pages\/352","targetHints":{"allow":["GET"]}}],"collection":[{"href":"https:\/\/transhealthottawa.org\/fr\/wp-json\/wp\/v2\/pages"}],"about":[{"href":"https:\/\/transhealthottawa.org\/fr\/wp-json\/wp\/v2\/types\/page"}],"author":[{"embeddable":true,"href":"https:\/\/transhealthottawa.org\/fr\/wp-json\/wp\/v2\/users\/1"}],"replies":[{"embeddable":true,"href":"https:\/\/transhealthottawa.org\/fr\/wp-json\/wp\/v2\/comments?post=352"}],"version-history":[{"count":16,"href":"https:\/\/transhealthottawa.org\/fr\/wp-json\/wp\/v2\/pages\/352\/revisions"}],"predecessor-version":[{"id":1083,"href":"https:\/\/transhealthottawa.org\/fr\/wp-json\/wp\/v2\/pages\/352\/revisions\/1083"}],"up":[{"embeddable":true,"href":"https:\/\/transhealthottawa.org\/fr\/wp-json\/wp\/v2\/pages\/18"}],"wp:attachment":[{"href":"https:\/\/transhealthottawa.org\/fr\/wp-json\/wp\/v2\/media?parent=352"}],"curies":[{"name":"wp","href":"https:\/\/api.w.org\/{rel}","templated":true}]}}